{"id":15,"date":"2012-02-11T17:33:05","date_gmt":"2012-02-11T17:33:05","guid":{"rendered":"http:\/\/miguelpons.net\/english\/?page_id=15"},"modified":"2013-12-14T13:52:52","modified_gmt":"2013-12-14T13:52:52","slug":"discography","status":"publish","type":"page","link":"http:\/\/miguelpons.net\/english\/discography\/","title":{"rendered":"Discography"},"content":{"rendered":"<p>&nbsp;<\/p>\n<ul>\n<li>POEMS IN PROSE<img loading=\"lazy\" decoding=\"async\" class=\"alignright  wp-image-178\" title=\"Miguel Pons Disco CD\" src=\"http:\/\/miguelpons.net\/english\/wp-content\/uploads\/2012\/02\/Miguel-Pons-Disco-CD-300x298.jpg\" alt=\"\" width=\"240\" height=\"238\" srcset=\"http:\/\/miguelpons.net\/english\/wp-content\/uploads\/2012\/02\/Miguel-Pons-Disco-CD-300x298.jpg 300w, http:\/\/miguelpons.net\/english\/wp-content\/uploads\/2012\/02\/Miguel-Pons-Disco-CD-150x150.jpg 150w, http:\/\/miguelpons.net\/english\/wp-content\/uploads\/2012\/02\/Miguel-Pons-Disco-CD-301x300.jpg 301w, http:\/\/miguelpons.net\/english\/wp-content\/uploads\/2012\/02\/Miguel-Pons-Disco-CD.jpg 605w\" sizes=\"auto, (max-width: 240px) 100vw, 240px\" \/><\/li>\n<\/ul>\n<p>Spanish and Latin AmericanComposers Modern Music.<\/p>\n<p>BBVA Foundation. Record label <em>Verso<\/em>.<\/p>\n<p>&nbsp;<\/p>\n<p>&nbsp;<\/p>\n<p>&nbsp;<\/p>\n<ul>\n<li>M\u00daSICA CONTEMPOR\u00c1NEA<strong><a href=\"http:\/\/miguelpons.net\/wp-content\/uploads\/2012\/02\/Miguel-Pons-Premio-SGAE-J\u00f3venes-Compositores-.jpg\"><img loading=\"lazy\" decoding=\"async\" class=\"alignright\" title=\"Miguel Pons Premio SGAE J\u00f3venes Compositores\" src=\"http:\/\/miguelpons.net\/wp-content\/uploads\/2012\/02\/Miguel-Pons-Premio-SGAE-J\u00f3venes-Compositores--300x266.jpg\" alt=\"\" width=\"240\" height=\"213\" \/><\/a><\/strong><\/li>\n<\/ul>\n<p>XV Prize SGAE for Young Composers 2.001<\/p>\n<p>TROBANT VENTS for wind quintet<\/p>\n<p>Sartory C\u00e1mara. Luis Aguirre, conductor<\/p>\n<p>Iberautor Promociones Culturales, S.R.L.<\/p>\n<p>&nbsp;<\/p>\n<p><img loading=\"lazy\" decoding=\"async\" class=\"alignright size-medium wp-image-378\" title=\"COMA '13 MIGUEL PONS\" src=\"http:\/\/miguelpons.net\/wp-content\/uploads\/2012\/02\/Jos\u00e9-Antonio-Garc\u00eda-Fuertes-portada-CD-300x150.jpg\" alt=\"\" width=\"300\" height=\"150\" \/><\/p>\n<ul>\n<li>COMA &#8217;13<\/li>\n<\/ul>\n<p>Sonata for Flute and Guitar<\/p>\n<p>&nbsp;<\/p>\n","protected":false},"excerpt":{"rendered":"<p>&nbsp; POEMS IN PROSE Spanish and Latin AmericanComposers Modern Music. BBVA Foundation. Record label Verso. &nbsp; &nbsp; &nbsp; M\u00daSICA CONTEMPOR\u00c1NEA XV Prize SGAE for Young Composers 2.001 TROBANT VENTS for wind quintet Sartory C\u00e1mara. Luis Aguirre, conductor Iberautor Promociones Culturales, S.R.L. &nbsp; COMA &#8217;13 Sonata for Flute and Guitar &nbsp;<\/p>\n","protected":false},"author":1,"featured_media":0,"parent":0,"menu_order":4,"comment_status":"closed","ping_status":"closed","template":"","meta":{"footnotes":""},"class_list":["post-15","page","type-page","status-publish","hentry"],"_links":{"self":[{"href":"http:\/\/miguelpons.net\/english\/wp-json\/wp\/v2\/pages\/15","targetHints":{"allow":["GET"]}}],"collection":[{"href":"http:\/\/miguelpons.net\/english\/wp-json\/wp\/v2\/pages"}],"about":[{"href":"http:\/\/miguelpons.net\/english\/wp-json\/wp\/v2\/types\/page"}],"author":[{"embeddable":true,"href":"http:\/\/miguelpons.net\/english\/wp-json\/wp\/v2\/users\/1"}],"replies":[{"embeddable":true,"href":"http:\/\/miguelpons.net\/english\/wp-json\/wp\/v2\/comments?post=15"}],"version-history":[{"count":18,"href":"http:\/\/miguelpons.net\/english\/wp-json\/wp\/v2\/pages\/15\/revisions"}],"predecessor-version":[{"id":55,"href":"http:\/\/miguelpons.net\/english\/wp-json\/wp\/v2\/pages\/15\/revisions\/55"}],"wp:attachment":[{"href":"http:\/\/miguelpons.net\/english\/wp-json\/wp\/v2\/media?parent=15"}],"curies":[{"name":"wp","href":"https:\/\/api.w.org\/{rel}","templated":true}]}}