{"id":11,"date":"2012-02-11T17:31:32","date_gmt":"2012-02-11T17:31:32","guid":{"rendered":"http:\/\/miguelpons.net\/english\/?page_id=11"},"modified":"2026-02-26T12:18:45","modified_gmt":"2026-02-26T12:18:45","slug":"works","status":"publish","type":"page","link":"http:\/\/miguelpons.net\/english\/works\/","title":{"rendered":"CONCERT MUSIC"},"content":{"rendered":"<p><strong>SYMPHONIC MUSIC:<\/strong><strong>\u00a0<\/strong><\/p>\n<ul>\n<li><strong>Concerto for Piano and Orchestra <strong><a title=\"CONCERTO FOR PIANO AND ORCHESTRA\" href=\"http:\/\/miguelpons.net\/english\/concertoforpianoandorchestra\/\" target=\"_blank\" rel=\"noopener noreferrer\">(((AUDIO)))<\/a><\/strong><\/strong><\/li>\n<li><strong>Poems\u00a0in Prose.Cantata\u00a0for Choir\u00a0and Orchestra\u00a0on texts by\u00a0Oscar\u00a0Wilde<\/strong><strong style=\"color: #333333; font-style: normal; line-height: 24px;\"><strong><strong style=\"color: #333333; font-style: normal; line-height: 24px;\"><strong><a style=\"text-decoration: underline;\" title=\"POEMS IN PROSE CANTATA\" href=\"http:\/\/miguelpons.net\/english\/poemsinprose\/\" target=\"_blank\" rel=\"noopener noreferrer\">(((AUDIO)))<\/a><\/strong><\/strong><\/strong><\/strong><\/li>\n<li><strong>Scherzo for\u00a0Clarinet\u00a0and Orchestra<strong><a title=\"SCHERZO FOR CLARINET AND ORCHESTRA\" href=\"http:\/\/miguelpons.net\/english\/wp-content\/uploads\/2012\/02\/Scherzo-para-clarinete.wav\" target=\"_blank\" rel=\"noopener noreferrer\">(((AUDIO)))<\/a><\/strong><\/strong><\/li>\n<li><strong>Symphonic Variations\u00a0for piano and\u00a0orchestra.<\/strong><\/li>\n<li><strong>Fantasy, Interlude and Pantomime for Orchestra.<\/strong><\/li>\n<li><strong>Symphonic movement.<\/strong><\/li>\n<li><strong>Fallen\u00a0Art.<\/strong><strong style=\"color: #333333; font-style: normal; line-height: 24px;\"><a style=\"text-decoration: underline;\" title=\"Fallen Art\" href=\"http:\/\/miguelpons.net\/wp-content\/uploads\/2013\/07\/Fallen-Art-Miguel-Pons-48.mp4\" target=\"_blank\" rel=\"noopener noreferrer\">(((VIDEO)))<\/a>\u00a0\u00a0<\/strong>Soundtrack recorded\u00a0with\u00a0the Madrid\u00a0Community\u00a0Youth Orchestra.<\/li>\n<li><strong>Scene\u00a0on\u00a0&#8220;Life\u00a0is a Dream&#8221;\u00a0by Calderon de\u00a0la Barca<\/strong><\/li>\n<li><strong>Dramatic scene\u00a0on &#8220;El Cid&#8221;<\/strong><\/li>\n<li><strong>Prelude to Christmas <a title=\"CHRISTMAS PRELUDE\" href=\"http:\/\/miguelpons.net\/english\/wp-content\/uploads\/2013\/06\/Christmas-Prelude.mov\" target=\"_blank\" rel=\"noopener noreferrer\">\u00a0<\/a><\/strong><\/li>\n<li><strong>El Comienzo<\/strong>, alborada para orquesta (2021)<\/li>\n<li><strong>Everything happens at midnight <\/strong>(2022).<\/li>\n<li><strong>Annotations pour un film noir<\/strong>, for string orchestra (estrenada en el Auditorio del Palacio de Cibeles en Madrid en el Coma\u00b423).<\/li>\n<\/ul>\n<p><strong>CHORUS:<\/strong><strong>\u00a0<\/strong><\/p>\n<ul>\n<li><strong>Tr\u00edptico para un enlace nupcial (para coro mixto y grupo instrumental)<\/strong>, estrenada en la Capilla de San Ildefonso de Alcal\u00e1 de Henares.<\/li>\n<li><strong>Un Senyor Damunt un Ruc<em>\u00a0<\/em><\/strong>(para coro mixto sobre una canci\u00f3n popular menorquina)<strong>\u00a0<\/strong><\/li>\n<\/ul>\n<p><strong>CHAMBER MUSIC:<\/strong><strong>\u00a0<\/strong><\/p>\n<ul>\n<li><strong>Trobant Vents para quinteto de viento \u00a0<a href=\"http:\/\/miguelpons.net\/english\/wp-content\/uploads\/2012\/02\/Trobant-vents.mp3\" target=\"_blank\" rel=\"noopener noreferrer\">(((AUDIO)))<\/a>\u00a0<\/strong>Tercer Premio del XV Premio\u00a0 SGAE J\u00f3venes Compositores 2.001, estrenado en el Auditorio Nacional de M\u00fasica de Madrid, y emitido en RNE, as\u00ed como en Tv.<\/li>\n<li><strong>Concertino para diez Instrumentistas<\/strong>, estrenada en el auditorio del Instituto Franc\u00e9s de Madrid por el Ensemble T\u00e9l\u00e8maque, bajo la direcci\u00f3n de Raoul Lay<\/li>\n<li><strong>Variaciones sobre un tema de Serguei Prokofief para Grupo de Metales.<\/strong><\/li>\n<li><strong>Sonatina para dos pianos<\/strong>, estrenada en el Club Diario Levante (Valencia).<\/li>\n<li><strong><em>\u201cMe importa igual\u201d<\/em><\/strong><strong>\u00a0para flauta, soprano, piano y recitador<\/strong>, presentado en \u201cEl Pa\u00eds de los Tuertos\u201d(Facultad de Bellas Artes de Madrid) y en la Sala Rekalde de Bilbao<\/li>\n<li><strong>Cuarteto de Cuerda n\u00ba1\u00a0<\/strong><\/li>\n<li><strong>Sonata para flauta y guitarra,\u00a0<\/strong> <strong><a title=\"COMA13\" href=\"http:\/\/miguelpons.net\/english\/coma13en\/\" target=\"_blank\" rel=\"noopener noreferrer\">(((AUDIO)))<\/a><\/strong><\/li>\n<li><strong>Tr\u00edo concertante sobre \u201cLos Esclavos Felices\u201d de J.C.Arriaga<\/strong>,<\/li>\n<li><strong>Divertimento Carnavalesco para tr\u00edo de cuerdas \u00a0<a title=\"DIVERTIMENTO CARNEVALESCO\" href=\"http:\/\/miguelpons.net\/english\/wp-content\/uploads\/2012\/02\/DIVERTIMENTO-352-L-M.mov\" target=\"_blank\" rel=\"noopener noreferrer\">(((VIDEO)))<\/a>\u00a0\u00a0<\/strong><\/li>\n<li><strong>Evocaci\u00f3n para flauta, viol\u00edn, arpa y piano<\/strong>, pieza de encargo para el ciclo \u201cM\u00fasica en Derecho\u201d en la Universidad Complutense de Madrid.<\/li>\n<li><strong>Trobant Vents (versi\u00f3n para quinteto de saxos)<\/strong><\/li>\n<li><strong>Quasi Scherzo para Clarinete y Piano,\u00a0<\/strong>estrenada en el Auditorio Conde Duque de Madrid en el Festival Internacional de M\u00fasica Contempor\u00e1nea de Madrid COMA 2006<\/li>\n<li><strong>Impromptu Vivace, para grupo instrumental.\u00a0<\/strong>Estrenada en la real Academia de San Fernando<strong>\u00a0<\/strong>en el Festival Internacional de M\u00fasica Contempor\u00e1nea de Madrid COMA 2007<\/li>\n<li><strong>Suite-Fantas\u00eda sobre \u201cLa Princesse de Navarre\u201d para cuarteto de Guitarras<\/strong>. \u00a0<strong><a title=\"SUITE FANTASY\" href=\"http:\/\/vimeo.com\/21442143\" target=\"_blank\" rel=\"noopener noreferrer\">(((VIDEO)))<\/a><\/strong> \u00a0Interpretada en el Teatro del I.E.S de San Fernando.<\/li>\n<li><strong>Adaptaci\u00f3n para Clarinete y cuarteto de cuerdas de Erlk\u00f6ning, El Rey de los Elfos<\/strong><\/li>\n<li><strong>Impresiones \u00cdntimas num. 1 (F. Mompou)<\/strong> Arrangements for the Nederlands Blazers Ensemble (NBE) <strong><a title=\"IMPRESIONES \u00cdNTIMAS\" href=\"http:\/\/miguelpons.net\/english\/impresiones-intimas\/\" target=\"_blank\" rel=\"noopener noreferrer\">(((AUDIO)))<\/a><\/strong><\/li>\n<li><strong>Canci\u00f3n y Danza num. 2<\/strong>\u00a0<strong>(F. Mompou)<\/strong>\u00a0Arrangements for the Nederlands Blazers Ensemble (NBE)<\/li>\n<li><strong>Siluetas para cuarteto de cuerda<\/strong> (2018),\u00a0Estrenada en la real Academia de San Fernando<strong>\u00a0<\/strong>en el Festival Internacional de M\u00fasica Contempor\u00e1nea de Madrid COMA\u00b418.<\/li>\n<li><strong>Tientos y Alquimias<\/strong>, para clarinete, viol\u00edn y piano (2021), Estrenada en el Centro Cultural Casa de Vacas (Retiro) en el Festival Internacional de M\u00fasica Contempor\u00e1nea de Madrid COMA\u00b421.<\/li>\n<li><strong>Les deux \u00e2mes de la solitude<\/strong> para tromb\u00f3n y \u00f3rgano Hammond (2022).<\/li>\n<li><strong>Brass Me!<\/strong> para quinteto de metales (2025), Estrenada en el Auditorio Nacional en el Festival Internacional de M\u00fasica Contempor\u00e1nea de Madrid COMA\u00b425<\/li>\n<li><\/li>\n<\/ul>\n<p><strong>PIANO:<\/strong><strong>\u00a0<\/strong><\/p>\n<ul>\n<li><strong><em>La Pecera<\/em><\/strong><strong>,\u00a0<\/strong>preludio para piano, estrenada en el Centro Cultural Conde Duque de Madrid \u00a0\u00a0<strong><a href=\"http:\/\/miguelpons.net\/english\/wp-content\/uploads\/2012\/02\/La-Pecera-M.mp3\" target=\"_blank\" rel=\"noopener noreferrer\">(((AUDIO)))<\/a><\/strong><\/li>\n<li><strong>Invenci\u00f3n sobre \u00ab\u00a0Le Marteau sans Ma\u00eetre\u00a0\u00bb de P. Boulez,\u00a0<\/strong>para piano<strong>.<\/strong><\/li>\n<li><strong>Doubles<\/strong>,<strong>\u00a0<\/strong>para piano.<\/li>\n<li><strong>Fantas\u00eda sobre la \u201cSinfon\u00eda Incompleta\u201d de F. Schubert<\/strong><\/li>\n<li><strong>Esperando una respuesta (piano preparado)<\/strong><\/li>\n<li><strong>Invenci\u00f3n n\u00ba6<\/strong><strong>\u00a0\u00a0 \u00a0 \u00a0<\/strong><\/li>\n<li><strong>Danza de Baixamar \u00a0 \u00a0<\/strong><\/li>\n<\/ul>\n<p><strong>ACCOMPANIED VOICE:<\/strong><strong>\u00a0<\/strong><\/p>\n<ul>\n<li><strong><em>\u201cComo la Higuera Joven\u201d\u00a0<\/em><\/strong>para piano y mezzo-soprano sobre un poema de Miguel Hern\u00e1ndez. Interpretada en el Auditorio Gabriel Fdez Alvez del Conservatorio Teresa Berganza de Madrid.<strong>\u00a0\u00a0<a href=\"http:\/\/miguelpons.net\/english\/wp-content\/uploads\/2012\/02\/Como-La-Higuera-Joven-Maste.mp3\" target=\"_blank\" rel=\"noopener noreferrer\">(((AUDIO)))<\/a><\/strong><\/li>\n<\/ul>\n<p><strong>ELECTROACOUSTIC MUSIC:<\/strong><strong>\u00a0<\/strong><\/p>\n<ul>\n<li><strong>Sin posibilidad de fuga,\u00a0<\/strong>presentada en el R.C.M.M<\/li>\n<li><strong>Cuando Quieras \u00a0<a href=\"http:\/\/miguelpons.net\/english\/wp-content\/uploads\/2012\/02\/Cuando-Quieras-web.mp3\" target=\"_blank\" rel=\"noopener noreferrer\">(((AUDIO)))<\/a>\u00a0<\/strong>Presentada en el Primer Encuentro de Vanguardias Tecnol\u00f3gicas y Culturales 2002 en el Castillo de la Coraceda, y m\u00e1s tarde en la Escuela Superior de M\u00fasica Creativa, bajo el t\u00edtulo gen\u00e9rico del ciclo \u201cElectroacust\u00edzate\u201d<\/li>\n<li><strong>Dama Duende\u201d\u00a0<\/strong>para cuarteto de cuerda, bailarinas y electroac\u00fastica.<strong>\u00a0(Electr. Mixta)<\/strong><strong>\u00a0\u00a0 \u00a0 \u00a0 \u00a0 \u00a0 \u00a0 \u00a0 \u00a0 \u00a0 \u00a0 \u00a0\u00a0<\/strong><\/li>\n<\/ul>\n<p><strong>\u00a0<\/strong><\/p>\n<p><strong>AUDIOVISUAL MUSIC:<\/strong><strong>\u00a0<\/strong><\/p>\n<ul>\n<li><strong>Documentaries :<\/strong><\/li>\n<\/ul>\n<p><em>Graphic Humorists for\u00a0the Millennium Development Goals.\u00a0Eradicate Hunger\u00a0and Poverty.\u00a0<\/em>General Foundation of the University of\u00a0Alcal\u00e1<em>.\u00a0<\/em><strong>Presented at the United Nations Headquarters\u00a0in\u00a0New York \u00a0<a title=\"MILLENIUM DEVELOPMENT GOALS\" href=\"http:\/\/miguelpons.net\/english\/objetivosdelmilenio\/\" target=\"_blank\" rel=\"noopener noreferrer\">(((AUDIO)))<\/a><\/strong><\/p>\n<ul>\n<li><strong>Shortfilms:<\/strong><\/li>\n<\/ul>\n<div>&#8211; &#8220;Fallen Art&#8221; by\u00a0Tomek Baginski (remusicalization)\u00a0<strong><a title=\"Fallen Art\" href=\"http:\/\/miguelpons.net\/wp-content\/uploads\/2013\/07\/Fallen-Art-Miguel-Pons-48.mp4\" target=\"_blank\" rel=\"noopener noreferrer\">(((VIDEO)))<\/a><\/strong><\/div>\n<div>&#8211;\u00a0<em>\u201cTiempos Mejores\u201d<\/em>\u00a0by D. Ruiz<\/div>\n<div><em>&#8211; \u201cMe Importa Igual\u201d<\/em>\u00a0by Sergio Guivernau<\/div>\n<div><em>&#8211; \u201cLa Vie en Rose\u201d by\u00a0<\/em>H. Garc\u00eda<\/div>\n<div><em>&#8211; \u201cEn Cuatro\u201d\u00a0<\/em>S\u00e9ptimo Arte (Barcelona)<\/div>\n<div>&#8211; \u201cBeau Brummell\u201d by Harry Beaumont (remusicalizati\u00f3n TCM YFCC 2007)\u00a0<strong><a href=\"http:\/\/miguelpons.net\/english\/wp-content\/uploads\/2012\/02\/Beau-Brummel-web.mp4\" target=\"_blank\" rel=\"noopener noreferrer\">(((VIDEO)))<\/a><\/strong><\/div>\n<div><em>&#8211; \u201cI should have kissed you in Ankara\u201d by\u00a0<\/em>Miguel Pons (Direction and Music)<\/div>\n<div>&#8211; &#8220;Every Next Day&#8221; by Miguel Pons (Direction and Music)<\/div>\n<div>&#8211; &#8220;El Giro&#8221; de Javier Buckenmeyer<\/div>\n<div>&#8211; &#8220;Serial Dreamer&#8221; by Miguel Pons (Direction and Music)<\/div>\n<div>&#8211; Philosophie Culinaire by Miguel Pons (Direction and Music)<\/div>\n<p><strong>Music for TV:<\/strong><\/p>\n<p>&#8211; \u00a0Caiga Quien Caiga. Circus Music \u00a0<strong><a title=\"Circus Music\" href=\"http:\/\/miguelpons.net\/english\/wp-content\/uploads\/2012\/02\/En-el-circo.wav\" target=\"_blank\" rel=\"noopener noreferrer\">(((AUDIO)))<\/a>\u00a0<\/strong><\/p>\n<p>&#8211; \u00a0\u201cNews Room\u201d\u00a0<strong><a title=\"NEWS ROOM\" href=\"http:\/\/miguelpons.net\/english\/wp-content\/uploads\/2012\/02\/noticias.wav\" target=\"_blank\" rel=\"noopener noreferrer\">(((AUDIO)))<\/a><\/strong><\/p>\n<p>&#8211; \u00a0&#8220;Mystery in Town&#8221;\u00a0<strong><a title=\"MYSTERY IN TOWN\" href=\"http:\/\/miguelpons.net\/english\/wp-content\/uploads\/2012\/02\/Mistery-in-town.mov\" target=\"_blank\" rel=\"noopener noreferrer\">(((AUDIO)))<\/a><\/strong><\/p>\n<p>&#8211; \u00a0\u201cIn the Battle\u201d\u00a0<strong><a title=\"IN THE BATTLE\" href=\"http:\/\/miguelpons.net\/english\/wp-content\/uploads\/2012\/02\/En-la-Batalla.wav\" target=\"_blank\" rel=\"noopener noreferrer\">(((AUDIO)))<\/a><\/strong><\/p>\n<p>&#8211; \u00a0 Transition\u00a0<strong style=\"color: #333333; font-style: normal; line-height: 24px; text-decoration: underline;\"><a style=\"text-decoration: underline;\" title=\"Transition\" href=\"http:\/\/miguelpons.net\/english\/wp-content\/uploads\/2012\/02\/Cu\u00f1a-de-enlace1.wav\" target=\"_blank\" rel=\"noopener noreferrer\">(((AUDIO)))<\/a><\/strong><\/p>\n<p>&#8211; \u00a0 Waiting for an answer <strong><a title=\"WAITING FOR AN ANSWER\" href=\"http:\/\/miguelpons.net\/english\/wp-content\/uploads\/2012\/02\/Esperando-una-respuesta.wav\" target=\"_blank\" rel=\"noopener noreferrer\">(((AUDIO)))<\/a>\u00a0<\/strong><\/p>\n<p>&#8211; \u00a0 Magic Show\u00a0<strong><a title=\"Magic Show\" href=\"http:\/\/miguelpons.net\/english\/wp-content\/uploads\/2012\/02\/Magia.wav\" target=\"_blank\" rel=\"noopener noreferrer\">(((AUDIO)))<\/a><\/strong><\/p>\n<p>&#8211; \u00a0 Old Cartoon Music\u00a0<strong><a title=\"OLD CARTOON MUSIC\" href=\"http:\/\/miguelpons.net\/english\/wp-content\/uploads\/2012\/02\/Como-un-dibujo-animado2-eq.wav\" target=\"_blank\" rel=\"noopener noreferrer\">(((AUDIO)))<\/a><\/strong><\/p>\n<p>&#8211; \u00a0 Christmas<span style=\"color: #333333; font-style: normal; line-height: 24px;\">\u00a0\u00a0<strong><a title=\"CHRISTMAS PRELUDE\" href=\"http:\/\/miguelpons.net\/english\/wp-content\/uploads\/2012\/02\/Preludio-de-Navidad-2.wav\" target=\"_blank\" rel=\"noopener noreferrer\">(((AUDIO)))<\/a><\/strong><\/span><\/p>\n<p>&#8211; \u00a0 Rock Music\u00a0<span style=\"color: #333333; font-style: normal; line-height: 24px;\">Intro \u00a0\u00a0<\/span><strong><a title=\"ROCK MUSIC INTRO\" href=\"http:\/\/miguelpons.net\/english\/wp-content\/uploads\/2012\/02\/Sinton\u00eda-Rock.wav\" target=\"_blank\" rel=\"noopener noreferrer\">(((AUDIO)))<\/a><\/strong><\/p>\n<ul>\n<li><span class=\"Apple-style-span\" style=\"font-weight: bold;\">Advertising:<\/span><\/li>\n<\/ul>\n<p>Spot publicitario \u201cKodak (UK)\u00a0<strong><a href=\"http:\/\/miguelpons.net\/english\/wp-content\/uploads\/2012\/02\/Kodak-Advertisement.mov\" target=\"_blank\" rel=\"noopener noreferrer\">(((VIDEO)))<\/a><\/strong><\/p>\n<p>Spot Publicitario \u201cBauhaus\u201d (TVE La2) \u00a0<strong><a href=\"http:\/\/miguelpons.net\/english\/wp-content\/uploads\/2012\/02\/BAUHAUS-M-Pons-3.mov\" target=\"_blank\" rel=\"noopener noreferrer\">(((VIDEO)))<\/a><\/strong><\/p>\n<p>Spot publicitario Grupo I y IESE Business School University of Navarra<\/p>\n<p>Fashion Show (Helsinki) <strong><a href=\"http:\/\/miguelpons.net\/english\/fashionshow\/\" target=\"_blank\" rel=\"noopener noreferrer\">(((AUDIOS)))<\/a><\/strong><\/p>\n<ul>\n<li><strong>Web series:<\/strong><\/li>\n<\/ul>\n<p>&#8220;Quien Cojones&#8221; by Guido Cortell (music for credits)<\/p>\n<p><strong>JAZZ:<\/strong><strong>\u00a0<\/strong><\/p>\n<ul>\n<li><strong>Switch it for a Dream \u00a0<a href=\"http:\/\/miguelpons.net\/english\/wp-content\/uploads\/2012\/02\/Switch-it-for-a-Dream-P-web.mp3\" target=\"_blank\" rel=\"noopener noreferrer\">(((AUDIO)))<\/a><\/strong><\/li>\n<li><strong>Friendly Fish \u00a0<a href=\"http:\/\/miguelpons.net\/english\/wp-content\/uploads\/2012\/02\/Friendly-Fish-con-Final-1-w.mp3\" target=\"_blank\" rel=\"noopener noreferrer\">(((AUDIO)))<\/a><\/strong><\/li>\n<li><strong>Free Loaded Swing \u00a0<a href=\"http:\/\/miguelpons.net\/english\/wp-content\/uploads\/2012\/02\/Free-Loaded-Swing-P-web1.mp3\" target=\"_blank\" rel=\"noopener noreferrer\">(((AUDIO)))<\/a><\/strong><\/li>\n<li><strong>Invocating<\/strong><\/li>\n<li><strong>Jazzistic Picture \u00a0<a title=\"JAZZISTIC PICTURE\" href=\"http:\/\/miguelpons.net\/english\/wp-content\/uploads\/2012\/02\/jazzistic-picture5.wav\" target=\"_blank\" rel=\"noopener noreferrer\">(((AUDIO)))<\/a><\/strong><\/li>\n<li><strong>Rain\u00b4s Rules<\/strong><\/li>\n<\/ul>\n<p><strong>ROCK:<\/strong><strong>\u00a0<\/strong><\/p>\n<ul>\n<li><strong>Drop to Hell\u00a0<\/strong><\/li>\n<\/ul>\n<div><strong>FLAMENCO:<\/strong><\/div>\n<div>\n<ul>\n<li><span class=\"Apple-style-span\" style=\"font-weight: bold;\"><strong>Cuando Quieras<\/strong>\u00a0<\/span><span class=\"Apple-style-span\">(electroacoustic) \u00a0<strong><a href=\"http:\/\/miguelpons.net\/english\/wp-content\/uploads\/2012\/02\/Cuando-Quieras-web.mp3\" target=\"_blank\" rel=\"noopener noreferrer\">(((AUDIO)))<\/a><\/strong><\/span><\/li>\n<li><span class=\"Apple-style-span\" style=\"font-weight: bold;\"><strong>Delante De Mi Madre<\/strong>\u00a0<\/span><span class=\"Apple-style-span\">(E. Morente<\/span><span class=\"Apple-style-span\" style=\"font-weight: bold;\">)\u00a0<\/span><span class=\"Apple-style-span\">Arragements for the Nederlands Blazers Ensemble (NBE) and performed by Carmen Linares. <strong><a title=\"DELANTE DE MI MADRE\" href=\"http:\/\/miguelpons.net\/english\/delante-de-mi-madre\/\" target=\"_blank\" rel=\"noopener noreferrer\">(((AUDIO)))<\/a><\/strong><\/span><\/li>\n<li><strong>Anda Jaleo, Jaleo<\/strong>\u00a0(popular-F.G.Lorca)\u00a0Arrangements for the Nederlands Blazers Ensemble (NBE) and performed by Carmen Linares.<strong><a title=\"ANDA JALEO, JALEO\" href=\"http:\/\/miguelpons.net\/english\/anda-jaleo-jaleo\/\" target=\"_blank\" rel=\"noopener noreferrer\"> (((AUDIO)))<\/a><\/strong><\/li>\n<li><strong>Madre, ll\u00e9vame a loscampos<\/strong>\u00a0(Lyrics: F. G. Lorca, Music: Luis Bedmar) Arrangements for the Nederlands Blazers Ensemble (NBE) and performed by Carmen Linares. <strong><a title=\"MADRE, LL\u00c9VAME A LOS CAMPOS\" href=\"http:\/\/miguelpons.net\/english\/madre-llevame-a-los-campos\/\" target=\"_blank\" rel=\"noopener noreferrer\">(((AUDIO)))<\/a><\/strong><\/li>\n<\/ul>\n<\/div>\n<div><\/div>\n","protected":false},"excerpt":{"rendered":"<p>SYMPHONIC MUSIC:\u00a0 Concerto for Piano and Orchestra (((AUDIO))) Poems\u00a0in Prose.Cantata\u00a0for Choir\u00a0and Orchestra\u00a0on texts by\u00a0Oscar\u00a0Wilde(((AUDIO))) Scherzo for\u00a0Clarinet\u00a0and Orchestra(((AUDIO))) Symphonic Variations\u00a0for piano and\u00a0orchestra. Fantasy, Interlude and Pantomime for Orchestra. Symphonic movement. Fallen\u00a0Art.(((VIDEO)))\u00a0\u00a0Soundtrack recorded\u00a0with\u00a0the Madrid\u00a0Community\u00a0Youth Orchestra. Scene\u00a0on\u00a0&#8220;Life\u00a0is a Dream&#8221;\u00a0by Calderon de\u00a0la Barca Dramatic scene\u00a0on &#8220;El Cid&#8221; Prelude to Christmas \u00a0 El Comienzo, alborada para orquesta (2021) Everything happens <span class=\"more-reading\"> &hellip; <a href=\"http:\/\/miguelpons.net\/english\/works\/\" class=\"more-reading-link\">Continue reading<\/a><\/span><\/p>\n","protected":false},"author":1,"featured_media":0,"parent":0,"menu_order":2,"comment_status":"closed","ping_status":"closed","template":"","meta":{"footnotes":""},"class_list":["post-11","page","type-page","status-publish","hentry"],"_links":{"self":[{"href":"http:\/\/miguelpons.net\/english\/wp-json\/wp\/v2\/pages\/11","targetHints":{"allow":["GET"]}}],"collection":[{"href":"http:\/\/miguelpons.net\/english\/wp-json\/wp\/v2\/pages"}],"about":[{"href":"http:\/\/miguelpons.net\/english\/wp-json\/wp\/v2\/types\/page"}],"author":[{"embeddable":true,"href":"http:\/\/miguelpons.net\/english\/wp-json\/wp\/v2\/users\/1"}],"replies":[{"embeddable":true,"href":"http:\/\/miguelpons.net\/english\/wp-json\/wp\/v2\/comments?post=11"}],"version-history":[{"count":116,"href":"http:\/\/miguelpons.net\/english\/wp-json\/wp\/v2\/pages\/11\/revisions"}],"predecessor-version":[{"id":661,"href":"http:\/\/miguelpons.net\/english\/wp-json\/wp\/v2\/pages\/11\/revisions\/661"}],"wp:attachment":[{"href":"http:\/\/miguelpons.net\/english\/wp-json\/wp\/v2\/media?parent=11"}],"curies":[{"name":"wp","href":"https:\/\/api.w.org\/{rel}","templated":true}]}}